{"id":30961,"date":"2024-03-26T17:59:56","date_gmt":"2024-03-26T17:59:56","guid":{"rendered":"https:\/\/life-wellness.eu\/product\/galileu-2-0\/"},"modified":"2025-02-17T16:23:38","modified_gmt":"2025-02-17T16:23:38","slug":"galileu-2-0","status":"publish","type":"product","link":"https:\/\/filtrarte.com\/fr\/produit\/galileu-2-0\/","title":{"rendered":"Galileu 2.0"},"content":{"rendered":"<h3>La puret\u00e9 dans chaque couche<\/h3>\n<p>&nbsp;<\/p>\n<div class=\"elementor-element elementor-element-aa3c82b animation_type_block sc_fly_static elementor-widget elementor-widget-text-editor trx_addons_parallax_layers_inited trx_addons_parallax_blocks_inited animated air-supply-fadeinup\" data-id=\"aa3c82b\" data-element_type=\"widget\" data-settings=\"{\" data-widget_type=\"text-editor.default\">\n<div class=\"elementor-widget-container\">\n<p>Notre filtre \u00e0 eau est \u00e9quip\u00e9 de l&rsquo;un des <strong>syst\u00e8mes de purification de l&rsquo;eau<\/strong> les plus <strong>avanc\u00e9s<\/strong>: l&rsquo;osmose inverse.<\/p>\n<\/div>\n<\/div>\n<div class=\"elementor-element elementor-element-aa3c82b animation_type_block sc_fly_static elementor-widget elementor-widget-text-editor trx_addons_parallax_layers_inited trx_addons_parallax_blocks_inited animated air-supply-fadeinup\" data-id=\"aa3c82b\" data-element_type=\"widget\" data-settings=\"{\" data-widget_type=\"text-editor.default\">\n<div class=\"elementor-widget-container\">\n<h6>Avantages :<\/h6>\n<ul>\n<li><strong>\u00c9limine les bact\u00e9ries, les virus, les pesticides, les produits chimiques et les microplastiques<\/strong> de votre eau.<\/li>\n<li><strong>pH r\u00e9gul\u00e9<\/strong> pour obtenir une eau plus \u00e9quilibr\u00e9e, adapt\u00e9e \u00e0 votre sant\u00e9.<\/li>\n<li>Id\u00e9al pour le <strong>lavage et la cuisson des aliments<\/strong>, \u00e9liminant les produits chimiques tout en pr\u00e9servant les nutriments et en rehaussant la saveur.<\/li>\n<\/ul>\n<\/div>\n<\/div>\n","protected":false},"excerpt":{"rendered":"<p>Faites l&rsquo;exp\u00e9rience de la filtration ultime gr\u00e2ce \u00e0 la technologie d&rsquo;osmose inverse de Galileu 2.0, qui \u00e9limine les impuret\u00e9s pour vous offrir une eau aussi pure que la nature l&rsquo;a voulu.<\/p>\n","protected":false},"featured_media":30966,"template":"","meta":{"_monsterinsights_skip_tracking":false,"_monsterinsights_sitenote_active":false,"_monsterinsights_sitenote_note":"","_monsterinsights_sitenote_category":0},"product_brand":[],"product_cat":[300],"product_tag":[302,301],"class_list":{"0":"post-30961","1":"product","2":"type-product","3":"status-publish","4":"has-post-thumbnail","6":"product_cat-leau","7":"product_tag-filtre","8":"product_tag-leau","10":"first","11":"instock","12":"taxable","13":"shipping-taxable","14":"product-type-simple"},"yoast_head":"<!-- This site is optimized with the Yoast SEO plugin v26.6 - https:\/\/yoast.com\/wordpress\/plugins\/seo\/ -->\n<title>Galileu 2.0 - Grupo Filtrarte<\/title>\n<meta name=\"robots\" content=\"index, follow, max-snippet:-1, max-image-preview:large, max-video-preview:-1\" \/>\n<link rel=\"canonical\" href=\"https:\/\/filtrarte.com\/fr\/produit\/galileu-2-0\/\" \/>\n<meta property=\"og:locale\" content=\"fr_FR\" \/>\n<meta property=\"og:type\" content=\"article\" \/>\n<meta property=\"og:title\" content=\"Galileu 2.0 - Grupo Filtrarte\" \/>\n<meta property=\"og:description\" content=\"Faites l&#039;exp\u00e9rience de la filtration ultime gr\u00e2ce \u00e0 la technologie d&#039;osmose inverse de Galileu 2.0, qui \u00e9limine les impuret\u00e9s pour vous offrir une eau aussi pure que la nature l&#039;a voulu.\" \/>\n<meta property=\"og:url\" content=\"https:\/\/filtrarte.com\/fr\/produit\/galileu-2-0\/\" \/>\n<meta property=\"og:site_name\" content=\"Grupo Filtrarte\" \/>\n<meta property=\"article:publisher\" content=\"https:\/\/www.facebook.com\/grupofiltrarte\" \/>\n<meta property=\"article:modified_time\" content=\"2025-02-17T16:23:38+00:00\" \/>\n<meta property=\"og:image\" content=\"https:\/\/filtrarte.com\/wp-content\/uploads\/2024\/03\/galileu-1.jpg\" \/>\n\t<meta property=\"og:image:width\" content=\"1300\" \/>\n\t<meta property=\"og:image:height\" content=\"1300\" \/>\n\t<meta property=\"og:image:type\" content=\"image\/jpeg\" \/>\n<meta name=\"twitter:card\" content=\"summary_large_image\" \/>\n<meta name=\"twitter:label1\" content=\"Dur\u00e9e de lecture estim\u00e9e\" \/>\n\t<meta name=\"twitter:data1\" content=\"1 minute\" \/>\n<script type=\"application\/ld+json\" class=\"yoast-schema-graph\">{\"@context\":\"https:\/\/schema.org\",\"@graph\":[{\"@type\":\"WebPage\",\"@id\":\"https:\/\/filtrarte.com\/fr\/produit\/galileu-2-0\/\",\"url\":\"https:\/\/filtrarte.com\/fr\/produit\/galileu-2-0\/\",\"name\":\"Galileu 2.0 - Grupo Filtrarte\",\"isPartOf\":{\"@id\":\"https:\/\/filtrarte.com\/fr\/#website\"},\"primaryImageOfPage\":{\"@id\":\"https:\/\/filtrarte.com\/fr\/produit\/galileu-2-0\/#primaryimage\"},\"image\":{\"@id\":\"https:\/\/filtrarte.com\/fr\/produit\/galileu-2-0\/#primaryimage\"},\"thumbnailUrl\":\"https:\/\/filtrarte.com\/wp-content\/uploads\/2024\/03\/galileu-1.jpg\",\"datePublished\":\"2024-03-26T17:59:56+00:00\",\"dateModified\":\"2025-02-17T16:23:38+00:00\",\"breadcrumb\":{\"@id\":\"https:\/\/filtrarte.com\/fr\/produit\/galileu-2-0\/#breadcrumb\"},\"inLanguage\":\"fr-FR\",\"potentialAction\":[{\"@type\":\"ReadAction\",\"target\":[\"https:\/\/filtrarte.com\/fr\/produit\/galileu-2-0\/\"]}]},{\"@type\":\"ImageObject\",\"inLanguage\":\"fr-FR\",\"@id\":\"https:\/\/filtrarte.com\/fr\/produit\/galileu-2-0\/#primaryimage\",\"url\":\"https:\/\/filtrarte.com\/wp-content\/uploads\/2024\/03\/galileu-1.jpg\",\"contentUrl\":\"https:\/\/filtrarte.com\/wp-content\/uploads\/2024\/03\/galileu-1.jpg\",\"width\":1300,\"height\":1300},{\"@type\":\"BreadcrumbList\",\"@id\":\"https:\/\/filtrarte.com\/fr\/produit\/galileu-2-0\/#breadcrumb\",\"itemListElement\":[{\"@type\":\"ListItem\",\"position\":1,\"name\":\"Home\",\"item\":\"https:\/\/filtrarte.com\/fr\/\"},{\"@type\":\"ListItem\",\"position\":2,\"name\":\"Produits\",\"item\":\"https:\/\/filtrarte.com\/fr\/shop\/\"},{\"@type\":\"ListItem\",\"position\":3,\"name\":\"Galileu 2.0\"}]},{\"@type\":\"WebSite\",\"@id\":\"https:\/\/filtrarte.com\/fr\/#website\",\"url\":\"https:\/\/filtrarte.com\/fr\/\",\"name\":\"Filtrarte\",\"description\":\"Make your life wellness\",\"publisher\":{\"@id\":\"https:\/\/filtrarte.com\/fr\/#organization\"},\"potentialAction\":[{\"@type\":\"SearchAction\",\"target\":{\"@type\":\"EntryPoint\",\"urlTemplate\":\"https:\/\/filtrarte.com\/fr\/?s={search_term_string}\"},\"query-input\":{\"@type\":\"PropertyValueSpecification\",\"valueRequired\":true,\"valueName\":\"search_term_string\"}}],\"inLanguage\":\"fr-FR\"},{\"@type\":\"Organization\",\"@id\":\"https:\/\/filtrarte.com\/fr\/#organization\",\"name\":\"Lar Puro - Artigos de Utilidade Dome\u0301stica Lda\",\"url\":\"https:\/\/filtrarte.com\/fr\/\",\"logo\":{\"@type\":\"ImageObject\",\"inLanguage\":\"fr-FR\",\"@id\":\"https:\/\/filtrarte.com\/fr\/#\/schema\/logo\/image\/\",\"url\":\"https:\/\/filtrarte.com\/wp-content\/uploads\/2024\/03\/logo-life-wellness.png\",\"contentUrl\":\"https:\/\/filtrarte.com\/wp-content\/uploads\/2024\/03\/logo-life-wellness.png\",\"width\":639,\"height\":437,\"caption\":\"Lar Puro - Artigos de Utilidade Dome\u0301stica Lda\"},\"image\":{\"@id\":\"https:\/\/filtrarte.com\/fr\/#\/schema\/logo\/image\/\"},\"sameAs\":[\"https:\/\/www.facebook.com\/grupofiltrarte\",\"https:\/\/www.instagram.com\/grupofiltrarte\",\"https:\/\/www.linkedin.com\/company\/grupo-filtrarte\/\"]}]}<\/script>\n<!-- \/ Yoast SEO plugin. -->","yoast_head_json":{"title":"Galileu 2.0 - Grupo Filtrarte","robots":{"index":"index","follow":"follow","max-snippet":"max-snippet:-1","max-image-preview":"max-image-preview:large","max-video-preview":"max-video-preview:-1"},"canonical":"https:\/\/filtrarte.com\/fr\/produit\/galileu-2-0\/","og_locale":"fr_FR","og_type":"article","og_title":"Galileu 2.0 - Grupo Filtrarte","og_description":"Faites l'exp\u00e9rience de la filtration ultime gr\u00e2ce \u00e0 la technologie d'osmose inverse de Galileu 2.0, qui \u00e9limine les impuret\u00e9s pour vous offrir une eau aussi pure que la nature l'a voulu.","og_url":"https:\/\/filtrarte.com\/fr\/produit\/galileu-2-0\/","og_site_name":"Grupo Filtrarte","article_publisher":"https:\/\/www.facebook.com\/grupofiltrarte","article_modified_time":"2025-02-17T16:23:38+00:00","og_image":[{"width":1300,"height":1300,"url":"https:\/\/filtrarte.com\/wp-content\/uploads\/2024\/03\/galileu-1.jpg","type":"image\/jpeg"}],"twitter_card":"summary_large_image","twitter_misc":{"Dur\u00e9e de lecture estim\u00e9e":"1 minute"},"schema":{"@context":"https:\/\/schema.org","@graph":[{"@type":"WebPage","@id":"https:\/\/filtrarte.com\/fr\/produit\/galileu-2-0\/","url":"https:\/\/filtrarte.com\/fr\/produit\/galileu-2-0\/","name":"Galileu 2.0 - Grupo Filtrarte","isPartOf":{"@id":"https:\/\/filtrarte.com\/fr\/#website"},"primaryImageOfPage":{"@id":"https:\/\/filtrarte.com\/fr\/produit\/galileu-2-0\/#primaryimage"},"image":{"@id":"https:\/\/filtrarte.com\/fr\/produit\/galileu-2-0\/#primaryimage"},"thumbnailUrl":"https:\/\/filtrarte.com\/wp-content\/uploads\/2024\/03\/galileu-1.jpg","datePublished":"2024-03-26T17:59:56+00:00","dateModified":"2025-02-17T16:23:38+00:00","breadcrumb":{"@id":"https:\/\/filtrarte.com\/fr\/produit\/galileu-2-0\/#breadcrumb"},"inLanguage":"fr-FR","potentialAction":[{"@type":"ReadAction","target":["https:\/\/filtrarte.com\/fr\/produit\/galileu-2-0\/"]}]},{"@type":"ImageObject","inLanguage":"fr-FR","@id":"https:\/\/filtrarte.com\/fr\/produit\/galileu-2-0\/#primaryimage","url":"https:\/\/filtrarte.com\/wp-content\/uploads\/2024\/03\/galileu-1.jpg","contentUrl":"https:\/\/filtrarte.com\/wp-content\/uploads\/2024\/03\/galileu-1.jpg","width":1300,"height":1300},{"@type":"BreadcrumbList","@id":"https:\/\/filtrarte.com\/fr\/produit\/galileu-2-0\/#breadcrumb","itemListElement":[{"@type":"ListItem","position":1,"name":"Home","item":"https:\/\/filtrarte.com\/fr\/"},{"@type":"ListItem","position":2,"name":"Produits","item":"https:\/\/filtrarte.com\/fr\/shop\/"},{"@type":"ListItem","position":3,"name":"Galileu 2.0"}]},{"@type":"WebSite","@id":"https:\/\/filtrarte.com\/fr\/#website","url":"https:\/\/filtrarte.com\/fr\/","name":"Filtrarte","description":"Make your life wellness","publisher":{"@id":"https:\/\/filtrarte.com\/fr\/#organization"},"potentialAction":[{"@type":"SearchAction","target":{"@type":"EntryPoint","urlTemplate":"https:\/\/filtrarte.com\/fr\/?s={search_term_string}"},"query-input":{"@type":"PropertyValueSpecification","valueRequired":true,"valueName":"search_term_string"}}],"inLanguage":"fr-FR"},{"@type":"Organization","@id":"https:\/\/filtrarte.com\/fr\/#organization","name":"Lar Puro - Artigos de Utilidade Dome\u0301stica Lda","url":"https:\/\/filtrarte.com\/fr\/","logo":{"@type":"ImageObject","inLanguage":"fr-FR","@id":"https:\/\/filtrarte.com\/fr\/#\/schema\/logo\/image\/","url":"https:\/\/filtrarte.com\/wp-content\/uploads\/2024\/03\/logo-life-wellness.png","contentUrl":"https:\/\/filtrarte.com\/wp-content\/uploads\/2024\/03\/logo-life-wellness.png","width":639,"height":437,"caption":"Lar Puro - Artigos de Utilidade Dome\u0301stica Lda"},"image":{"@id":"https:\/\/filtrarte.com\/fr\/#\/schema\/logo\/image\/"},"sameAs":["https:\/\/www.facebook.com\/grupofiltrarte","https:\/\/www.instagram.com\/grupofiltrarte","https:\/\/www.linkedin.com\/company\/grupo-filtrarte\/"]}]}},"_links":{"self":[{"href":"https:\/\/filtrarte.com\/fr\/wp-json\/wp\/v2\/product\/30961","targetHints":{"allow":["GET"]}}],"collection":[{"href":"https:\/\/filtrarte.com\/fr\/wp-json\/wp\/v2\/product"}],"about":[{"href":"https:\/\/filtrarte.com\/fr\/wp-json\/wp\/v2\/types\/product"}],"wp:featuredmedia":[{"embeddable":true,"href":"https:\/\/filtrarte.com\/fr\/wp-json\/wp\/v2\/media\/30966"}],"wp:attachment":[{"href":"https:\/\/filtrarte.com\/fr\/wp-json\/wp\/v2\/media?parent=30961"}],"wp:term":[{"taxonomy":"product_brand","embeddable":true,"href":"https:\/\/filtrarte.com\/fr\/wp-json\/wp\/v2\/product_brand?post=30961"},{"taxonomy":"product_cat","embeddable":true,"href":"https:\/\/filtrarte.com\/fr\/wp-json\/wp\/v2\/product_cat?post=30961"},{"taxonomy":"product_tag","embeddable":true,"href":"https:\/\/filtrarte.com\/fr\/wp-json\/wp\/v2\/product_tag?post=30961"}],"curies":[{"name":"wp","href":"https:\/\/api.w.org\/{rel}","templated":true}]}}